{"id":1179,"date":"2022-01-05T12:26:50","date_gmt":"2022-01-05T11:26:50","guid":{"rendered":"https:\/\/www.prostor-design.cz\/obchodni-podminky\/"},"modified":"2023-11-22T11:15:17","modified_gmt":"2023-11-22T10:15:17","slug":"allgemeine-bedingungen","status":"publish","type":"page","link":"https:\/\/www.prostor-design.cz\/de\/allgemeine-bedingungen\/","title":{"rendered":"Allgemeine Bedingungen und Konditionen"},"content":{"rendered":"&#13;\n<h2>Provozovatel<\/h2>&#13;\n<p>PROSTOR-design, spol. s r.o.<br\/>\u017dernovick\u00e1 257, 383 01 Prachatice<br\/>I\u010c 62502891, DI\u010c CZ62502891<\/p>&#13;\n<h2>Ceny<\/h2>&#13;\n<p>Alle Preise im E-Shop verstehen sich inklusive Mehrwertsteuer. Die Bestell\u00fcbersicht auf der Website enth\u00e4lt nicht den Preis f\u00fcr den Versand. Der Preis f\u00fcr den Versand wird je nach Gr\u00f6\u00dfe und Gewicht der Sendung und der Art der Lieferung (kostenlos bei pers\u00f6nlicher Abholung an der Adresse des Unternehmens) zum Preis der Ware hinzugerechnet. Der endg\u00fcltige Preis wird in Ihrer Auftragsbest\u00e4tigung angegeben. Dar\u00fcber hinaus auch nach individueller Vereinbarung.<\/p>&#13;\n<h2>Objedn\u00e1n\u00ed<\/h2>&#13;\n<p>P\u0159i objedn\u00e1v\u00e1n\u00ed mus\u00ed z\u00e1kazn\u00edk uv\u00e9st \u00faplnou a platnou adresu, aktu\u00e1ln\u00ed email a zvolit zp\u016fsob dopravy a platby. Potvrzen\u00edm a odesl\u00e1n\u00edm objedn\u00e1vky se z\u00e1kazn\u00edk zavazuje k odebr\u00e1n\u00ed zvolen\u00e9ho zbo\u017e\u00ed a k uhrazen\u00ed p\u0159\u00edslu\u0161n\u00e9 \u010d\u00e1stky.<\/p>&#13;\n<h2>Zp\u016fsob platby<\/h2>&#13;\n<p>Objednan\u00e9 zbo\u017e\u00ed je mo\u017en\u00e9 zaplatit p\u0159evodem, dob\u00edrkou nebo hotov\u011b p\u0159i osobn\u00edm odb\u011bru v s\u00eddle spole\u010dnosti. P\u0159i volb\u011b platby p\u0159evodem bude zbo\u017e\u00ed expedov\u00e1no a\u017e po p\u0159ips\u00e1n\u00ed po\u017eadovan\u00e9 \u010d\u00e1stky na n\u00e1\u0161 \u00fa\u010det (nezapome\u0148te uv\u00e9st \u010d\u00edslo objedn\u00e1vky jako variabiln\u00ed symbol pro identifikaci platby). Platba po doru\u010den\u00ed zbo\u017e\u00ed je dle individu\u00e1ln\u00ed dohody. Platba mus\u00ed b\u00fdt uhrazena do 30 dn\u016f od vzniku objedn\u00e1vky, v opa\u010dn\u00e9m p\u0159\u00edpad\u011b bude objedn\u00e1vka stornov\u00e1na. Jin\u00fd zp\u016fsob platby je dle individu\u00e1ln\u00ed dohody.<\/p>&#13;\n<h2>Vy\u0159\u00edzen\u00ed objedn\u00e1vky<\/h2>&#13;\n<p>P\u0159i standardn\u00edm pr\u016fb\u011bhu vy\u0159\u00edzen\u00ed objedn\u00e1vky prob\u00edh\u00e1 komunikace mezi prod\u00e1vaj\u00edc\u00edm a kupuj\u00edc\u00edm prost\u0159ednictv\u00edm e-mail\u016f. Prod\u00e1vaj\u00edc\u00ed odes\u00edl\u00e1 tyto zpr\u00e1vy:<\/p>&#13;\n<ul>&#13;\n<li>automatick\u00e9 potvrzen\u00ed o p\u0159ijet\u00ed objedn\u00e1vky<\/li>&#13;\n<li>v p\u0159\u00edpad\u011b hrazen\u00ed p\u0159evodem \u2013 e-mail se z\u00e1lohovou fakturou&#13;\n<ul>&#13;\n<li>po zaplacen\u00ed \u2013 e-mail o odesl\u00e1n\u00ed zbo\u017e\u00ed<\/li>&#13;\n<\/ul>&#13;\n<\/li>&#13;\n<li>v p\u0159\u00edpad\u011b dob\u00edrky \u2013 e-mail o odesl\u00e1n\u00ed zbo\u017e\u00ed<\/li>&#13;\n<li>v p\u0159\u00edpad\u011b osobn\u00edho odb\u011bru \u2013 informace o objedn\u00e1vce p\u0159ipraven\u00e9 k vyzvednut\u00ed<\/li>&#13;\n<\/ul>&#13;\n<h2>Odesl\u00e1n\u00ed zbo\u017e\u00ed<\/h2>&#13;\n<p>V p\u0159ev\u00e1\u017en\u00e9 v\u011bt\u0161in\u011b p\u0159\u00edpad\u016f je zbo\u017e\u00ed odesl\u00e1no b\u011bhem 10 pracovn\u00edch dn\u016f po obdr\u017een\u00ed objedn\u00e1vky. P\u0159i platb\u011b p\u0159evodem za\u010d\u00edn\u00e1 b\u011b\u017eet expedi\u010dn\u00ed lh\u016fta v okam\u017eiku p\u0159ips\u00e1n\u00ed \u010d\u00e1stky na n\u00e1\u0161 \u00fa\u010det. Prodejce se zavazuje expedovat zbo\u017e\u00ed v nejkrat\u0161\u00ed mo\u017en\u00e9 dob\u011b. Doba doru\u010den\u00ed je maxim\u00e1ln\u011b 7 dn\u016f (obvykle 2-3 pracovn\u00ed dny).<\/p>&#13;\n<h2>Forma z\u00e1silky<\/h2>&#13;\n<p>Zbo\u017e\u00ed je odesl\u00e1no z\u00e1kazn\u00edkovi v neporu\u0161en\u00e9m obalu, kter\u00fd je uzp\u016fsoben charakteru zbo\u017e\u00ed a zabra\u0148uje jeho po\u0161kozen\u00ed. Sou\u010d\u00e1st\u00ed ka\u017ed\u00e9 z\u00e1silky je faktura pln\u00edc\u00ed funkci reklama\u010dn\u00edho a da\u0148ov\u00e9ho dokladu.<\/p>&#13;\n<h2>P\u0159evzet\u00ed zbo\u017e\u00ed<\/h2>&#13;\n<p>Z\u00e1kazn\u00edk je povinen zkontrolovat neporu\u0161enost obalu. Pokud p\u0159evezme zjevn\u011b po\u0161kozenou z\u00e1silku, mus\u00ed uplat\u0148ovat p\u0159\u00edpadnou reklamaci na p\u0159epravci.<\/p>&#13;\n<h2>Vr\u00e1cen\u00ed zbo\u017e\u00ed<\/h2>&#13;\n<p>Na z\u00e1klad\u011b z\u00e1kona \u010d. 367\/2000 Sb. m\u00e1 z\u00e1kazn\u00edk pr\u00e1vo na odstoupen\u00ed od kupn\u00ed smlouvy bez ud\u00e1n\u00ed d\u016fvodu do 14 dn\u016f od p\u0159evzet\u00ed zbo\u017e\u00ed s v\u00fdjimkou audionahr\u00e1vek a multimedi\u00e1ln\u00edch CD-ROM, u kter\u00fdch byl poru\u0161en obal. Zbo\u017e\u00ed nesm\u00ed vykazovat zn\u00e1mky pou\u017eit\u00ed, nesm\u00ed b\u00fdt jakkoli po\u0161kozeno, mus\u00ed b\u00fdt vr\u00e1ceno v\u010detn\u011b v\u0161ech dokument\u016f.<\/p>&#13;\n<p>Zbo\u017e\u00ed lze vr\u00e1tit osobn\u011b nebo poslat \u0159\u00e1dn\u011b zabaleno doporu\u010denou z\u00e1silkou. Z\u00e1silky zaslan\u00e9 dob\u00edrkou nebudou p\u0159evzaty. Do doporu\u010den\u00e9 z\u00e1silky vlo\u017ete zbo\u017e\u00ed, da\u0148ov\u00fd doklad, informaci zda vrac\u00edte nebo reklamujete a \u010d\u00edslo \u00fa\u010dtu, na kter\u00fd m\u00e1me poslat \u010d\u00e1stku za vr\u00e1cen\u00e9 zbo\u017e\u00ed.<\/p>&#13;\n<p>Die sp\u00e4testens am 14. Tag nach Erhalt der Ware an die Adresse des Verk\u00e4ufers versandte Ware wird erneut gepr\u00fcft und der Betrag wird anschlie\u00dfend auf die vom Kunden in der Reklamationssendung angegebene Kontonummer \u00fcberwiesen.<\/p>&#13;\n<h2>Z\u00e1ruka a reklamace<\/h2>&#13;\n<p>Z\u00e1ruka na zbo\u017e\u00ed zakoupen\u00e9 v internetov\u00e9m obchod\u011b se \u0159\u00edd\u00ed platn\u00fdmi z\u00e1kony. Standardn\u00ed z\u00e1ru\u010dn\u00ed doba pro odb\u011bratele s I\u010cO je 12 m\u011bs\u00edc\u016f, pro v\u0161echny ostatn\u00ed dle z\u00e1kona je 24 m\u011bs\u00edc\u016f, z\u00e1ruka se vztahuje na v\u0161echny vady omezuj\u00edc\u00ed mo\u017enost \u0159\u00e1dn\u00e9ho pou\u017eit\u00ed zbo\u017e\u00ed. Z\u00e1ruka se ale nevztahuje na opot\u0159ebov\u00e1n\u00ed b\u011b\u017en\u00fdm u\u017e\u00edv\u00e1n\u00edm.<\/p>&#13;\n<h3>Reklamace se oznamuje n\u011bkter\u00fdm z n\u00e1sleduj\u00edc\u00edch zp\u016fsob\u016f:<\/h3>&#13;\n<ul>&#13;\n<li>e-mailem na adresu: info@prostor-design.cz<\/li>&#13;\n<li>doporu\u010den\u00fdm dopisem na adresu: PROSTOR-design.cz, \u017dernovick\u00e1 257, 38301 Prachatice<\/li>&#13;\n<\/ul>&#13;\n<h2>Ochrana osobn\u00edch \u00fadaj\u016f<\/h2>&#13;\n<p>Wir behandeln alle Ihre pers\u00f6nlichen Daten vertraulich und verpflichten uns, sie gem\u00e4\u00df dem Gesetz 101\/2000 Slg. \u00fcber den Schutz pers\u00f6nlicher Daten nicht an Dritte weiterzugeben.<\/p>&#13;\n<h2>Kontakt:<\/h2>&#13;\n<p>Va\u0161e dotazy r\u00e1di zodpov\u00edme emailem nebo telefonicky.<\/p>&#13;\n","protected":false},"excerpt":{"rendered":"<p>&#13; Provozovatel &#13; PROSTOR-design, spol. s r.o.\u017dernovick\u00e1 257, 383 01 PrachaticeI\u010c 62502891, DI\u010c CZ62502891 &#13; Ceny &#13; Alle Preise im E-Shop verstehen sich inklusive Mehrwertsteuer. Die Bestell\u00fcbersicht auf der Website enth\u00e4lt nicht den Preis f\u00fcr den Versand. Der Preis f\u00fcr den Versand wird je nach Gr\u00f6\u00dfe und Gewicht der Sendung und der Art der Lieferung&#8230;<\/p>\n","protected":false},"author":1,"featured_media":0,"parent":0,"menu_order":0,"comment_status":"closed","ping_status":"closed","template":"","meta":{"footnotes":""},"class_list":["post-1179","page","type-page","status-publish","hentry"],"yoast_head":"<!-- This site is optimized with the Yoast SEO plugin v27.5 - https:\/\/yoast.com\/product\/yoast-seo-wordpress\/ -->\n<title>Allgemeine Bedingungen und Konditionen | PROSTOR-design s.r.o.<\/title>\n<meta name=\"robots\" content=\"index, follow, max-snippet:-1, max-image-preview:large, max-video-preview:-1\" \/>\n<link rel=\"canonical\" href=\"https:\/\/www.prostor-design.cz\/de\/allgemeine-bedingungen\/\" \/>\n<meta property=\"og:locale\" content=\"de_DE\" \/>\n<meta property=\"og:type\" content=\"article\" \/>\n<meta property=\"og:title\" content=\"Allgemeine Bedingungen und Konditionen | PROSTOR-design s.r.o.\" \/>\n<meta property=\"og:description\" content=\"&#013; Provozovatel &#013; PROSTOR-design, spol. s r.o.\u017dernovick\u00e1 257, 383 01 PrachaticeI\u010c 62502891, DI\u010c CZ62502891 &#013; Ceny &#013; Alle Preise im E-Shop verstehen sich inklusive Mehrwertsteuer. Die Bestell\u00fcbersicht auf der Website enth\u00e4lt nicht den Preis f\u00fcr den Versand. Der Preis f\u00fcr den Versand wird je nach Gr\u00f6\u00dfe und Gewicht der Sendung und der Art der Lieferung...\" \/>\n<meta property=\"og:url\" content=\"https:\/\/www.prostor-design.cz\/de\/allgemeine-bedingungen\/\" \/>\n<meta property=\"og:site_name\" content=\"PROSTOR-design s.r.o.\" \/>\n<meta property=\"article:publisher\" content=\"https:\/\/www.facebook.com\/prostordesignsro\" \/>\n<meta property=\"article:modified_time\" content=\"2023-11-22T10:15:17+00:00\" \/>\n<meta property=\"og:image\" content=\"https:\/\/www.prostor-design.cz\/wp-content\/uploads\/2022\/01\/P1071689-scaled.jpg\" \/>\n\t<meta property=\"og:image:width\" content=\"2560\" \/>\n\t<meta property=\"og:image:height\" content=\"1442\" \/>\n\t<meta property=\"og:image:type\" content=\"image\/jpeg\" \/>\n<meta name=\"twitter:card\" content=\"summary_large_image\" \/>\n<meta name=\"twitter:label1\" content=\"Est. reading time\" \/>\n\t<meta name=\"twitter:data1\" content=\"4 minutes\" \/>\n<!-- \/ Yoast SEO plugin. -->","yoast_head_json":{"title":"Allgemeine Bedingungen und Konditionen | PROSTOR-design s.r.o.","robots":{"index":"index","follow":"follow","max-snippet":"max-snippet:-1","max-image-preview":"max-image-preview:large","max-video-preview":"max-video-preview:-1"},"canonical":"https:\/\/www.prostor-design.cz\/de\/allgemeine-bedingungen\/","og_locale":"de_DE","og_type":"article","og_title":"Allgemeine Bedingungen und Konditionen | PROSTOR-design s.r.o.","og_description":"&#13; Provozovatel &#13; PROSTOR-design, spol. s r.o.\u017dernovick\u00e1 257, 383 01 PrachaticeI\u010c 62502891, DI\u010c CZ62502891 &#13; Ceny &#13; Alle Preise im E-Shop verstehen sich inklusive Mehrwertsteuer. Die Bestell\u00fcbersicht auf der Website enth\u00e4lt nicht den Preis f\u00fcr den Versand. Der Preis f\u00fcr den Versand wird je nach Gr\u00f6\u00dfe und Gewicht der Sendung und der Art der Lieferung...","og_url":"https:\/\/www.prostor-design.cz\/de\/allgemeine-bedingungen\/","og_site_name":"PROSTOR-design s.r.o.","article_publisher":"https:\/\/www.facebook.com\/prostordesignsro","article_modified_time":"2023-11-22T10:15:17+00:00","og_image":[{"width":2560,"height":1442,"url":"https:\/\/www.prostor-design.cz\/wp-content\/uploads\/2022\/01\/P1071689-scaled.jpg","type":"image\/jpeg"}],"twitter_card":"summary_large_image","twitter_misc":{"Est. reading time":"4 minutes"},"schema":{"@context":"https:\/\/schema.org","@graph":[{"@type":"WebPage","@id":"https:\/\/www.prostor-design.cz\/de\/allgemeine-bedingungen\/","url":"https:\/\/www.prostor-design.cz\/de\/allgemeine-bedingungen\/","name":"Allgemeine Bedingungen und Konditionen | PROSTOR-design s.r.o.","isPartOf":{"@id":"https:\/\/www.prostor-design.cz\/de\/#website"},"datePublished":"2022-01-05T11:26:50+00:00","dateModified":"2023-11-22T10:15:17+00:00","breadcrumb":{"@id":"https:\/\/www.prostor-design.cz\/de\/allgemeine-bedingungen\/#breadcrumb"},"inLanguage":"de-DE","potentialAction":[{"@type":"ReadAction","target":["https:\/\/www.prostor-design.cz\/de\/allgemeine-bedingungen\/"]}]},{"@type":"BreadcrumbList","@id":"https:\/\/www.prostor-design.cz\/de\/allgemeine-bedingungen\/#breadcrumb","itemListElement":[{"@type":"ListItem","position":1,"name":"\u00davod","item":"https:\/\/www.prostor-design.cz\/de\/"},{"@type":"ListItem","position":2,"name":"Allgemeine Bedingungen und Konditionen"}]},{"@type":"WebSite","@id":"https:\/\/www.prostor-design.cz\/de\/#website","url":"https:\/\/www.prostor-design.cz\/de\/","name":"PROSTOR-design s.r.o.","description":"","publisher":{"@id":"https:\/\/www.prostor-design.cz\/de\/#organization"},"potentialAction":[{"@type":"SearchAction","target":{"@type":"EntryPoint","urlTemplate":"https:\/\/www.prostor-design.cz\/de\/?s={search_term_string}"},"query-input":{"@type":"PropertyValueSpecification","valueRequired":true,"valueName":"search_term_string"}}],"inLanguage":"de-DE"},{"@type":"Organization","@id":"https:\/\/www.prostor-design.cz\/de\/#organization","name":"PROSTOR-design s.r.o.","url":"https:\/\/www.prostor-design.cz\/de\/","logo":{"@type":"ImageObject","inLanguage":"de-DE","@id":"https:\/\/www.prostor-design.cz\/de\/#\/schema\/logo\/image\/","url":"https:\/\/www.prostor-design.cz\/wp-content\/uploads\/2022\/01\/Prostor-Design-Logo.png","contentUrl":"https:\/\/www.prostor-design.cz\/wp-content\/uploads\/2022\/01\/Prostor-Design-Logo.png","width":180,"height":180,"caption":"PROSTOR-design s.r.o."},"image":{"@id":"https:\/\/www.prostor-design.cz\/de\/#\/schema\/logo\/image\/"},"sameAs":["https:\/\/www.facebook.com\/prostordesignsro"]}]}},"_links":{"self":[{"href":"https:\/\/www.prostor-design.cz\/de\/wp-json\/wp\/v2\/pages\/1179","targetHints":{"allow":["GET"]}}],"collection":[{"href":"https:\/\/www.prostor-design.cz\/de\/wp-json\/wp\/v2\/pages"}],"about":[{"href":"https:\/\/www.prostor-design.cz\/de\/wp-json\/wp\/v2\/types\/page"}],"author":[{"embeddable":true,"href":"https:\/\/www.prostor-design.cz\/de\/wp-json\/wp\/v2\/users\/1"}],"replies":[{"embeddable":true,"href":"https:\/\/www.prostor-design.cz\/de\/wp-json\/wp\/v2\/comments?post=1179"}],"version-history":[{"count":5,"href":"https:\/\/www.prostor-design.cz\/de\/wp-json\/wp\/v2\/pages\/1179\/revisions"}],"predecessor-version":[{"id":1595,"href":"https:\/\/www.prostor-design.cz\/de\/wp-json\/wp\/v2\/pages\/1179\/revisions\/1595"}],"wp:attachment":[{"href":"https:\/\/www.prostor-design.cz\/de\/wp-json\/wp\/v2\/media?parent=1179"}],"curies":[{"name":"wp","href":"https:\/\/api.w.org\/{rel}","templated":true}]}}